{"id":489,"date":"2022-03-19T05:06:09","date_gmt":"2022-03-19T05:06:09","guid":{"rendered":"https:\/\/wordpressriverthemes.com\/aveitelementor\/?page_id=489"},"modified":"2023-02-15T00:07:39","modified_gmt":"2023-02-14T23:07:39","slug":"it-solution-h4","status":"publish","type":"page","link":"https:\/\/ahorraconayuda.com\/","title":{"rendered":"IT Solution H4"},"content":{"rendered":"\t\t<div data-elementor-type=\"wp-page\" data-elementor-id=\"489\" class=\"elementor elementor-489\">\n\t\t\t\t\t\t<section class=\"elementor-section elementor-top-section elementor-element elementor-element-6823cac elementor-section-full_width elementor-section-height-default elementor-section-height-default\" data-id=\"6823cac\" data-element_type=\"section\" id=\"contact\">\n\t\t\t\t\t\t<div class=\"elementor-container elementor-column-gap-default\">\n\t\t\t\t\t<div class=\"elementor-column elementor-col-100 elementor-top-column elementor-element elementor-element-5415305\" data-id=\"5415305\" data-element_type=\"column\">\n\t\t\t<div class=\"elementor-widget-wrap elementor-element-populated\">\n\t\t\t\t\t\t<div class=\"elementor-element elementor-element-19d0d9c elementor-widget elementor-widget-ith4hero\" data-id=\"19d0d9c\" data-element_type=\"widget\" data-widget_type=\"ith4hero.default\">\n\t\t\t\t<div class=\"elementor-widget-container\">\n\t\t\t\n        <!-- Start Banner \n    ============================================= -->\n    <div class=\"banner-area shadow it-banner dark bg-cover text-light\" style=\"background-image: url(https:\/\/ahorraconayuda.com\/wp-content\/uploads\/2022\/09\/WhatsApp-Image-2022-09-02-at-1.58.14-AM.jpeg);\">\n        <div class=\"item-box\">\n            <div class=\"item\">\n                <!-- Shape -->\n                <div class=\"sahpe\" style=\"background-image: url(https:\/\/ahorraconayuda.com\/wp-content\/uploads\/2022\/09\/47-1-1.png);\"><\/div>\n                <!-- Shape -->\n                <div class=\"container\">\n                    <div class=\"row align-center\">\n                                        \n                        <div class=\"col-lg-6\">\n                            <div class=\"content\">\n                                <h4 class=\"wow fadeInUp\"><\/h4>\n                                <h2 class=\"wow fadeInDown\">\u00a1Ahorra con Ayuda! <strong><\/strong><\/h2>\n                                <p class=\"wow fadeInLeft\">\n                                    Rellena este formulario y te llamaremos para confirmar tu participaci\u00f3n, estudiar tu caso e informarte de los mejores precios de luz y gas. \n                                <\/p>\n                                <a class=\"btn btn-theme effect btn-md wow fadeInUp\" href=\"\"> <i class=\"arrow_right\"><\/i><\/a>\n                            <\/div>\n                        <\/div>\n                        <!-- Start Appoinment Form -->\n                        <div class=\"col-lg-5 offset-lg-1 appoinment\">\n                            <div class=\"appoinment-box text-center\">\n                                <div class=\"heading\">\n                                    <h4>Participa<\/h4>\n                                    <p>\n                                        Rellena el formulario y podr\u00e1s ganar un a\u00f1o de luz gratis.                                    <\/p>\n                                <\/div>\n                                    \n<div class=\"wpcf7 no-js\" id=\"wpcf7-f495-o1\" lang=\"en-US\" dir=\"ltr\">\n<div class=\"screen-reader-response\"><p role=\"status\" aria-live=\"polite\" aria-atomic=\"true\"><\/p> <ul><\/ul><\/div>\n<form action=\"\/index.php?rest_route=%2Fwp%2Fv2%2Fpages%2F489#wpcf7-f495-o1\" method=\"post\" class=\"wpcf7-form init\" aria-label=\"Contact form\" novalidate=\"novalidate\" data-status=\"init\">\n<div style=\"display: none;\">\n<input type=\"hidden\" name=\"_wpcf7\" value=\"495\" \/>\n<input type=\"hidden\" name=\"_wpcf7_version\" value=\"5.8.7\" \/>\n<input type=\"hidden\" name=\"_wpcf7_locale\" value=\"en_US\" \/>\n<input type=\"hidden\" name=\"_wpcf7_unit_tag\" value=\"wpcf7-f495-o1\" \/>\n<input type=\"hidden\" name=\"_wpcf7_container_post\" value=\"0\" \/>\n<input type=\"hidden\" name=\"_wpcf7_posted_data_hash\" value=\"\" \/>\n<input type=\"hidden\" name=\"_wpcf7_recaptcha_response\" value=\"\" \/>\n<\/div>\n<div class=\"row\">\n\t<div class=\"col-lg-12\">\n\t\t<div class=\"form-group\">\n\t\t\t<p><span class=\"wpcf7-form-control-wrap\" data-name=\"nombre\"><input size=\"40\" class=\"wpcf7-form-control wpcf7-text wpcf7-validates-as-required form-control\" id=\"nombre\" aria-required=\"true\" aria-invalid=\"false\" placeholder=\"Nombre y Apellido*\" value=\"\" type=\"text\" name=\"nombre\" \/><\/span>\n\t\t\t<\/p>\n\t\t<\/div>\n\t<\/div>\n\t<div class=\"col-lg-12\">\n\t\t<div class=\"form-group\">\n\t\t\t<p><span class=\"wpcf7-form-control-wrap\" data-name=\"phone1\"><input size=\"40\" maxlength=\"9\" class=\"wpcf7-form-control wpcf7-tel wpcf7-validates-as-required wpcf7-text wpcf7-validates-as-tel form-control\" id=\"numertel\" aria-required=\"true\" aria-invalid=\"false\" placeholder=\"Tel\u00e9fono*\" value=\"\" type=\"tel\" name=\"phone1\" \/><\/span><br \/>\n<span class=\"wpcf7-form-control-wrap\" data-name=\"zipcode\"><input size=\"40\" maxlength=\"5\" class=\"wpcf7-form-control wpcf7-tel wpcf7-validates-as-required wpcf7-text wpcf7-validates-as-tel\" id=\"zipcode\" aria-required=\"true\" aria-invalid=\"false\" placeholder=\"C\u00f3digo postal*\" value=\"\" type=\"tel\" name=\"zipcode\" \/><\/span>\n\t\t\t<\/p>\n\t\t<\/div>\n\t<\/div>\n\t<div class=\"checkbox2\">\n\t\t<p><span class=\"wpcf7-form-control-wrap\" data-name=\"acceptacion-privacidad\"><span class=\"wpcf7-form-control wpcf7-acceptance\"><span class=\"wpcf7-list-item\"><label><input type=\"checkbox\" name=\"acceptacion-privacidad\" value=\"1\" aria-invalid=\"false\" \/><span class=\"wpcf7-list-item-label\">Declaro ser mayor de 18 a\u00f1os y acepto la <a href=\"\/politica-privacidad\">pol\u00edtica de privacidad.<\/a><\/span><\/label><\/span><\/span><\/span>\n\t\t<\/p>\n\t<\/div>\n\t<div class=\"msgform\">\n\t\t<p><span class=\"wpcf7-form-control-wrap\" data-name=\"acceptacion-promo\"><span class=\"wpcf7-form-control wpcf7-acceptance optional\"><span class=\"wpcf7-list-item\"><label><input type=\"checkbox\" name=\"acceptacion-promo\" value=\"1\" aria-invalid=\"false\" \/><span class=\"wpcf7-list-item-label\">Acepto recibir ofertas comerciales y promociones.<\/span><\/label><\/span><\/span><\/span>\n\t\t<\/p>\n\t<\/div>\n<input class=\"wpcf7-form-control wpcf7-hidden\" id=\"fecha\" value=\"\" type=\"hidden\" name=\"submissiondate\" \/>\n\t<div class=\"col-lg-12\">\n\t\t<p><button type=\"submit\" name=\"submit\" id=\"przycisk\">Enviar<\/button>\n\t\t<\/p>\n\t<\/div>\n<\/div><div class=\"wpcf7-response-output\" aria-hidden=\"true\"><\/div>\n<\/form>\n<\/div>\n<script>document.getElementById(\"przycisk\").disabled = true;\r\ndocument.getElementById(\"numertel\").addEventListener(\"input\", function(e) {\r\n  var phoneNumber = this.value.replace(\/[^0-9]\/g, '');  \/\/ remove all non-numeric characters\r\n  this.value = phoneNumber;  \/\/ update the input value with only numeric characters\r\n  var numerlength = phoneNumber.length;\r\n\r\n  if (numerlength == 9 && phoneNumber >= 600000000 && phoneNumber <= 999999999) {\r\n    document.getElementById(\"przycisk\").disabled = false;\r\n    document.getElementById('przycisk').style.backgroundColor = 'Black';\r\n    this.classList.remove(\"error\");\r\n    this.classList.add(\"success\");\r\n  } else {\r\n    document.getElementById(\"przycisk\").disabled = true;\r\n    document.getElementById('przycisk').style.backgroundColor = 'Red';\r\n    this.classList.remove(\"success\");\r\n    this.classList.add(\"error\");\r\n  }\r\n});\r\n\r\ndocument.getElementById(\"przycisk\").addEventListener(\"click\", function() {\r\n  var fecha = new Date();\r\n  var year = fecha.getFullYear();\r\n  var month = fecha.getMonth() + 1;\r\n  var day = fecha.getDate();\r\n  var hours = fecha.getHours();\r\n  var minutes = fecha.getMinutes();\r\n  var seconds = fecha.getSeconds();\r\n  month = (month < 10) ? \"0\" + month : month;\r\n  day = (day < 10) ? \"0\" + day : day;\r\n  hours = (hours < 10) ? \"0\" + hours : hours;\r\n  minutes = (minutes < 10) ? \"0\" + minutes : minutes;\r\n  seconds = (seconds < 10) ? \"0\" + seconds : seconds;\r\n  var formattedDate = year + \"-\" + month + \"-\" + day + \" \" + hours + \":\" + minutes + \":\" + seconds;\r\n  document.getElementById(\"fecha\").value = formattedDate;\r\n\r\n  \/\/ additional code to submit form data\r\n});<\/script>                            <\/div>\n                        <\/div>\n                        <!-- End Appoinment Form -->\n\n                    <\/div>\n                <\/div>\n            <\/div>\n        <\/div>\n    <\/div>\n    <!-- End Banner -->\n\n    \t\t<\/div>\n\t\t\t\t<\/div>\n\t\t\t\t\t<\/div>\n\t\t<\/div>\n\t\t\t\t\t<\/div>\n\t\t<\/section>\n\t\t\t\t<section class=\"elementor-section elementor-top-section elementor-element elementor-element-d48f72f elementor-section-full_width elementor-section-height-default elementor-section-height-default\" data-id=\"d48f72f\" data-element_type=\"section\">\n\t\t\t\t\t\t<div class=\"elementor-container elementor-column-gap-default\">\n\t\t\t\t\t<div class=\"elementor-column elementor-col-100 elementor-top-column elementor-element elementor-element-186babc\" data-id=\"186babc\" data-element_type=\"column\">\n\t\t\t<div class=\"elementor-widget-wrap elementor-element-populated\">\n\t\t\t\t\t\t<div class=\"elementor-element elementor-element-61ee873 elementor-widget elementor-widget-ITH4about\" data-id=\"61ee873\" data-element_type=\"widget\" data-widget_type=\"ITH4about.default\">\n\t\t\t\t<div class=\"elementor-widget-container\">\n\t\t\t\n        <!-- Start About\n    ============================================= -->\n    <div class=\"about-us-content-area overflow-hidden default-padding\">\n        <div class=\"container\">\n            <div class=\"about-items\">\n                <div class=\"row align-center\">\n\n                    <!-- Thumb -->\n                    <div class=\"col-lg-6\">\n                        <div class=\"thumb\">\n                            <img decoding=\"async\" src=\"https:\/\/ahorraconayuda.com\/wp-content\/uploads\/2022\/09\/WhatsApp-Image-2022-09-02-at-1.12.31-AM.jpeg\" alt=\"Thumb\">\n                            <div class=\"overlay\">\n                                <h2><strong><span><\/span><\/strong> <\/h2>\n                            <\/div>\n                        <\/div>\n                    <\/div>\n                    <!-- End Thumb -->\n\n                    <div class=\"col-lg-6\">\n                        <div class=\"content\">\n                            <h5><\/h5>\n                            <h2>\u00bfCu\u00e1l es nuestro prop\u00f3sito?<\/h2>\n                            <p>\n                                                            <\/p>\n                            <ul>\n                                                            <li>\n                                    <h5>Ahorra con Ayuda<\/h5>\n                                    <p>\n                                        Difundir las noticias reales a nuestros seguidores, dar a conocer las mejores ofertas de luz y gas del mercado y llegar a mayor p\u00fablico. \n                                    <\/p>\n                                <\/li>                                <li>\n                                    <h5>T\u00fa<\/h5>\n                                    <p>\n                                        Poder ser seleccionado para ganar unos de los premios, ahorrar en tus facturas de luz y gas, o saber que tienes buenos precios y no te interesa cambiar de compa\u00f1\u00eda. \n                                    <\/p>\n                                <\/li>                            <\/ul>\n                        <\/div>\n                    <\/div>\n                    \n                <\/div>\n            <\/div>\n        <\/div>\n    <\/div>\n    <!-- End About -->\n\n    \t\t<\/div>\n\t\t\t\t<\/div>\n\t\t\t\t\t<\/div>\n\t\t<\/div>\n\t\t\t\t\t<\/div>\n\t\t<\/section>\n\t\t\t\t<section class=\"elementor-section elementor-top-section elementor-element elementor-element-6beddbf elementor-section-full_width elementor-section-height-default elementor-section-height-default\" data-id=\"6beddbf\" data-element_type=\"section\">\n\t\t\t\t\t\t<div class=\"elementor-container elementor-column-gap-default\">\n\t\t\t\t\t<div class=\"elementor-column elementor-col-100 elementor-top-column elementor-element elementor-element-b259dee\" data-id=\"b259dee\" data-element_type=\"column\">\n\t\t\t<div class=\"elementor-widget-wrap elementor-element-populated\">\n\t\t\t\t\t\t<div class=\"elementor-element elementor-element-df6cc50 elementor-widget elementor-widget-ITH4Services\" data-id=\"df6cc50\" data-element_type=\"widget\" data-widget_type=\"ITH4Services.default\">\n\t\t\t\t<div class=\"elementor-widget-container\">\n\t\t\t\n        <!-- Star Services\n    ============================================= -->\n    <div class=\"services-list-area it-services carousel-shadow overflow-hidden default-padding-bottom bottom-less\">\n        <div class=\"container\">\n            <div class=\"row\">\n                <div class=\"col-lg-6 offset-lg-3\">\n                    <div class=\"heading-center text-center\">\n                        <h5>Nuestros servicios<\/h5>\n                        <h2>Consigue el m\u00e1ximo ahorro en tus facturas<\/h2>\n                    <\/div>\n                <\/div>\n            <\/div>\n        <\/div>\n        <div class=\"container\">\n            <div class=\"services-list-items services-default-carousel owl-carousel owl-theme\">\n              \n                <!-- Single Item -->\n                <div class=\"item\">\n                    <div class=\"top\">\n                        <i class=\"luz\"><\/i>\n                        <h4>LUZ<\/h4>\n                    <\/div>\n                    <p>\n                        Te informamos de los mejores precios de luz actualmente seg\u00fan tu caso.                    <\/p>\n                                    <\/div>\n                <!-- End Single Item -->  \n                <!-- Single Item -->\n                <div class=\"item\">\n                    <div class=\"top\">\n                        <i class=\"gas\"><\/i>\n                        <h4>GAS<\/h4>\n                    <\/div>\n                    <p>\n                        Te ayudamos a tener el precio m\u00e1s bajo de gas a d\u00eda de hoy.                    <\/p>\n                                    <\/div>\n                <!-- End Single Item -->  \n                <!-- Single Item -->\n                <div class=\"item\">\n                    <div class=\"top\">\n                        <i class=\"solar\"><\/i>\n                        <h4>SOLAR<\/h4>\n                    <\/div>\n                    <p>\n                        Comparamos los mejores precios de instalaciones solares para tu caso y zona.\n                    <\/p>\n                                    <\/div>\n                <!-- End Single Item -->                \n            <\/div>\n        <\/div>\n    <\/div>\n    <!-- End Services -->\n\n    \t\t<\/div>\n\t\t\t\t<\/div>\n\t\t\t\t\t<\/div>\n\t\t<\/div>\n\t\t\t\t\t<\/div>\n\t\t<\/section>\n\t\t\t\t<section class=\"elementor-section elementor-top-section elementor-element elementor-element-df6248f elementor-section-full_width elementor-section-height-default elementor-section-height-default\" data-id=\"df6248f\" data-element_type=\"section\">\n\t\t\t\t\t\t<div class=\"elementor-container elementor-column-gap-default\">\n\t\t\t\t\t<div class=\"elementor-column elementor-col-100 elementor-top-column elementor-element elementor-element-85ec07d\" data-id=\"85ec07d\" data-element_type=\"column\">\n\t\t\t<div class=\"elementor-widget-wrap elementor-element-populated\">\n\t\t\t\t\t\t<div class=\"elementor-element elementor-element-794ef65 elementor-widget elementor-widget-ITH4banner\" data-id=\"794ef65\" data-element_type=\"widget\" data-widget_type=\"ITH4banner.default\">\n\t\t\t\t<div class=\"elementor-widget-container\">\n\t\t\t\n        <!-- Start Fun Factor \n    ============================================= -->\n    <div class=\"quick-contact-area shadow theme-hard bg-fixed text-light default-padding\" style=\"background-image: url(https:\/\/ahorraconayuda.com\/wp-content\/uploads\/2022\/09\/wind-energy-gbbb4d67b9_1920.jpg);\">\n        <div class=\"container\">\n            <div class=\"row align-center\">\n                <div class=\"col-lg-6 left-info\">\n                    <h2>\u00bfEst\u00e1s preparado para ahorrar con ayuda?<\/h2>\n                    <p>\n                                             <\/p>\n                    <ul>\n                                            <li>\n                            <div class=\"fun-fact\">\n                                <div class=\"counter\">\n                                    <div class=\"timer\" data-to=\"\" data-speed=\"2000\"><\/div>\n                                    <div class=\"operator\"><\/div>\n                                <\/div>\n                                <span class=\"medium\"><\/span>\n                            <\/div>\n                        <\/li>                    <\/ul>\n                <\/div>\n                <div class=\"col-lg-5 offset-lg-1 text-right\">\n                                        <a class=\"btn circle btn-light effect btn-md\" href=\"#contact\">Contactanos <i class=\"arrow_right\"><\/i><\/a>                <\/div>\n            <\/div>\n        <\/div>\n    <\/div>\n    <!-- End Fun Factor -->\n\n    \t\t<\/div>\n\t\t\t\t<\/div>\n\t\t\t\t\t<\/div>\n\t\t<\/div>\n\t\t\t\t\t<\/div>\n\t\t<\/section>\n\t\t\t\t<section class=\"elementor-section elementor-top-section elementor-element elementor-element-fb26556 elementor-section-full_width elementor-section-height-default elementor-section-height-default\" data-id=\"fb26556\" data-element_type=\"section\">\n\t\t\t\t\t\t<div class=\"elementor-container elementor-column-gap-default\">\n\t\t\t\t\t<div class=\"elementor-column elementor-col-100 elementor-top-column elementor-element elementor-element-6eb41a7\" data-id=\"6eb41a7\" data-element_type=\"column\">\n\t\t\t<div class=\"elementor-widget-wrap elementor-element-populated\">\n\t\t\t\t\t\t<div class=\"elementor-element elementor-element-8e01cc3 elementor-widget elementor-widget-dah2testimonial\" data-id=\"8e01cc3\" data-element_type=\"widget\" data-widget_type=\"dah2testimonial.default\">\n\t\t\t\t<div class=\"elementor-widget-container\">\n\t\t\t\n        <!-- Star Testimonials\n    ============================================= -->\n    <div class=\"testimonials-area default-padding-bottom\">\n        <div class=\"container\">\n            <div class=\"row\">\n                <div class=\"col-lg-6 offset-lg-3\">\n                    <div class=\"heading-center text-center\">\n                        <h5><\/h5>\n                        <h2>\u00a1Est\u00e1s en buenas manos!<\/h2>\n                    <\/div>\n                <\/div>\n            <\/div>\n        <\/div>\n        <div class=\"container\">\n            <div class=\"testimonial-items text-center\">\n                <div class=\"row\">\n                    <div class=\"col-lg-8 offset-lg-2\">\n                        <div class=\"testimonials-carousel owl-carousel owl-theme\">\n                                                        <div class=\"item\">\n                                <div class=\"rating\">\n                                    <div class=\"reson\">\n                                        (Luz y gas)\n                                    <\/div>\n                                    <div class=\"icon\">\n                                        <i class=\"fas fa-star\"><\/i>\n                            <i class=\"fas fa-star\"><\/i>\n                            <i class=\"fas fa-star\"><\/i>\n                            <i class=\"fas fa-star\"><\/i>\n                            <i class=\"fas fa-star-half-alt\"><\/i>\n                                    <\/div>\n                                <\/div>\n                                <p>\n                                    Ya me llamaron hice el cambio pagar\u00e9 siempre 15c todos los d\u00edas y a todas horas as\u00ed me aconsej\u00f3 Inma graciass \u2665\ufe0f\u2665\ufe0f\u2665\ufe0f\u2665\ufe0f \n                                <\/p>\n                                <div class=\"thumb-box\">\n                                    <div class=\"thumb\">\n                                        <img decoding=\"async\" src=\"https:\/\/ahorraconayuda.com\/wp-content\/uploads\/2022\/09\/smile-g3d21e1df3_1920.jpg\" alt=\"Thumb\">\n                                    <\/div>\n                                <\/div>\n                                <h5>Rosa<\/h5>\n                                <span><\/span>\n                            <\/div>                            <div class=\"item\">\n                                <div class=\"rating\">\n                                    <div class=\"reson\">\n                                        (Luz)\n                                    <\/div>\n                                    <div class=\"icon\">\n                                        <i class=\"fas fa-star\"><\/i>\n                            <i class=\"fas fa-star\"><\/i>\n                            <i class=\"fas fa-star\"><\/i>\n                            <i class=\"fas fa-star\"><\/i>\n                            <i class=\"fas fa-star-half-alt\"><\/i>\n                                    <\/div>\n                                <\/div>\n                                <p>\n                                    Cambie de compa\u00f1\u00eda la luz y el gas \u00a1He notado mucho el ahorro! Gracias Isaac. \n                                <\/p>\n                                <div class=\"thumb-box\">\n                                    <div class=\"thumb\">\n                                        <img decoding=\"async\" src=\"https:\/\/ahorraconayuda.com\/wp-content\/uploads\/2022\/09\/man-gd69665d7f_1920.jpg\" alt=\"Thumb\">\n                                    <\/div>\n                                <\/div>\n                                <h5>Alex<\/h5>\n                                <span><\/span>\n                            <\/div>                            <div class=\"item\">\n                                <div class=\"rating\">\n                                    <div class=\"reson\">\n                                        ()\n                                    <\/div>\n                                    <div class=\"icon\">\n                                        <i class=\"fas fa-star\"><\/i>\n                            <i class=\"fas fa-star\"><\/i>\n                            <i class=\"fas fa-star\"><\/i>\n                            <i class=\"fas fa-star\"><\/i>\n                            <i class=\"fas fa-star-half-alt\"><\/i>\n                                    <\/div>\n                                <\/div>\n                                <p>\n                                    Teneis un pedazo de equipo Isaac, Maite me aconsej\u00f3 optimizar la potencia y lo he notado en esta factura. \n                                <\/p>\n                                <div class=\"thumb-box\">\n                                    <div class=\"thumb\">\n                                        <img decoding=\"async\" src=\"https:\/\/ahorraconayuda.com\/wp-content\/uploads\/2022\/09\/woman-gf72406364_1920.jpg\" alt=\"Thumb\">\n                                    <\/div>\n                                <\/div>\n                                <h5>Sarah<\/h5>\n                                <span><\/span>\n                            <\/div>                        <\/div>\n                    <\/div>\n                <\/div>\n            <\/div>\n        <\/div>\n    <\/div>\n    <!-- End Testimonials -->\n       \n\n    \t\t<\/div>\n\t\t\t\t<\/div>\n\t\t\t\t\t<\/div>\n\t\t<\/div>\n\t\t\t\t\t<\/div>\n\t\t<\/section>\n\t\t\t\t<\/div>\n\t\t","protected":false},"excerpt":{"rendered":"<p>\u00a1Ahorra con Ayuda! Rellena este formulario y te llamaremos para confirmar tu participaci\u00f3n, estudiar tu caso e informarte de los mejores precios de luz y gas. Participa Rellena el formulario y podr\u00e1s ganar un a\u00f1o de luz gratis. He le\u00eddo y acepto la Pol\u00edtica de Privacidad. Acepto recibir ofertas comerciales y promociones. Enviar \u00bfCu\u00e1l es [&hellip;]<\/p>\n","protected":false},"author":1,"featured_media":0,"parent":0,"menu_order":0,"comment_status":"closed","ping_status":"closed","template":"page-templates\/itsolution.php","meta":{"inline_featured_image":false,"_monsterinsights_skip_tracking":false,"_monsterinsights_sitenote_active":false,"_monsterinsights_sitenote_note":"","_monsterinsights_sitenote_category":0,"footnotes":""},"class_list":["post-489","page","type-page","status-publish","hentry"],"_links":{"self":[{"href":"https:\/\/ahorraconayuda.com\/index.php?rest_route=\/wp\/v2\/pages\/489","targetHints":{"allow":["GET"]}}],"collection":[{"href":"https:\/\/ahorraconayuda.com\/index.php?rest_route=\/wp\/v2\/pages"}],"about":[{"href":"https:\/\/ahorraconayuda.com\/index.php?rest_route=\/wp\/v2\/types\/page"}],"author":[{"embeddable":true,"href":"https:\/\/ahorraconayuda.com\/index.php?rest_route=\/wp\/v2\/users\/1"}],"replies":[{"embeddable":true,"href":"https:\/\/ahorraconayuda.com\/index.php?rest_route=%2Fwp%2Fv2%2Fcomments&post=489"}],"version-history":[{"count":391,"href":"https:\/\/ahorraconayuda.com\/index.php?rest_route=\/wp\/v2\/pages\/489\/revisions"}],"predecessor-version":[{"id":2495,"href":"https:\/\/ahorraconayuda.com\/index.php?rest_route=\/wp\/v2\/pages\/489\/revisions\/2495"}],"wp:attachment":[{"href":"https:\/\/ahorraconayuda.com\/index.php?rest_route=%2Fwp%2Fv2%2Fmedia&parent=489"}],"curies":[{"name":"wp","href":"https:\/\/api.w.org\/{rel}","templated":true}]}}